{"id":613,"date":"2026-02-09T14:37:48","date_gmt":"2026-02-09T14:37:48","guid":{"rendered":"https:\/\/nahui-co-working.de\/?page_id=613"},"modified":"2026-02-09T16:09:10","modified_gmt":"2026-02-09T16:09:10","slug":"news","status":"publish","type":"page","link":"https:\/\/nahui-co-working.de\/index.php\/news\/","title":{"rendered":"News"},"content":{"rendered":"\t\t<div data-elementor-type=\"wp-page\" data-elementor-id=\"613\" class=\"elementor elementor-613\" data-elementor-post-type=\"page\">\n\t\t\t\t<div class=\"elementor-element elementor-element-8424f0d e-flex e-con-boxed e-con e-parent\" data-id=\"8424f0d\" data-element_type=\"container\">\n\t\t\t\t\t<div class=\"e-con-inner\">\n\t\t\t\t<div class=\"elementor-element elementor-element-19a0bb9 elementor-invisible elementor-widget elementor-widget-heading\" data-id=\"19a0bb9\" data-element_type=\"widget\" data-settings=\"{&quot;_animation&quot;:&quot;fadeInDown&quot;}\" data-widget_type=\"heading.default\">\n\t\t\t\t\t<h1 class=\"elementor-heading-title elementor-size-default\">News &amp; Veranstaltungen<\/h1>\t\t\t\t<\/div>\n\t\t\t\t<div class=\"elementor-element elementor-element-3c51053 elementor-invisible elementor-widget elementor-widget-text-editor\" data-id=\"3c51053\" data-element_type=\"widget\" data-settings=\"{&quot;_animation&quot;:&quot;fadeInUp&quot;}\" data-widget_type=\"text-editor.default\">\n\t\t\t\t\t\t\t\t\t<p>Stay updated.<\/p>\t\t\t\t\t\t\t\t<\/div>\n\t\t\t\t<div class=\"elementor-element elementor-element-6907965 elementor-view-framed elementor-shape-circle elementor-invisible elementor-widget elementor-widget-icon\" data-id=\"6907965\" data-element_type=\"widget\" data-settings=\"{&quot;_animation&quot;:&quot;fadeInDown&quot;}\" data-widget_type=\"icon.default\">\n\t\t\t\t\t\t\t<div class=\"elementor-icon-wrapper\">\n\t\t\t<a class=\"elementor-icon elementor-animation-shrink\" href=\"#next\">\n\t\t\t<svg aria-hidden=\"true\" class=\"e-font-icon-svg e-fas-long-arrow-alt-down\" viewBox=\"0 0 256 512\" xmlns=\"http:\/\/www.w3.org\/2000\/svg\"><path d=\"M168 345.941V44c0-6.627-5.373-12-12-12h-56c-6.627 0-12 5.373-12 12v301.941H41.941c-21.382 0-32.09 25.851-16.971 40.971l86.059 86.059c9.373 9.373 24.569 9.373 33.941 0l86.059-86.059c15.119-15.119 4.411-40.971-16.971-40.971H168z\"><\/path><\/svg>\t\t\t<\/a>\n\t\t<\/div>\n\t\t\t\t\t\t<\/div>\n\t\t\t\t<div class=\"elementor-element elementor-element-d5e1533 elementor-widget elementor-widget-spacer\" data-id=\"d5e1533\" data-element_type=\"widget\" data-widget_type=\"spacer.default\">\n\t\t\t\t\t\t\t<div class=\"elementor-spacer\">\n\t\t\t<div class=\"elementor-spacer-inner\"><\/div>\n\t\t<\/div>\n\t\t\t\t\t\t<\/div>\n\t\t\t\t\t<\/div>\n\t\t\t\t<\/div>\n\t\t<div class=\"elementor-element elementor-element-ab00209 e-flex e-con-boxed e-con e-parent\" data-id=\"ab00209\" data-element_type=\"container\">\n\t\t\t\t\t<div class=\"e-con-inner\">\n\t\t\t\t<div class=\"elementor-element elementor-element-278c032 elementor-invisible elementor-widget elementor-widget-cta\" data-id=\"278c032\" data-element_type=\"widget\" data-settings=\"{&quot;layout_preset&quot;:&quot;showcase&quot;,&quot;layout_column_structure&quot;:&quot;25-75&quot;,&quot;primary_button_shape&quot;:&quot;rounded&quot;,&quot;box_shape&quot;:&quot;rounded&quot;,&quot;_animation&quot;:&quot;fadeInDown&quot;,&quot;image_horizontal_position&quot;:&quot;start&quot;,&quot;image_horizontal_position_tablet&quot;:&quot;start&quot;,&quot;image_horizontal_position_mobile&quot;:&quot;start&quot;,&quot;content_position_vertical&quot;:&quot;start&quot;,&quot;content_position_vertical_tablet&quot;:&quot;start&quot;,&quot;content_position_vertical_mobile&quot;:&quot;start&quot;,&quot;image_shape&quot;:&quot;sharp&quot;}\" data-widget_type=\"cta.default\">\n\t\t\t\t<div class=\"elementor-widget-container\">\n\t\t\t\t\t\t\t<div class=\"has-shape-rounded shape-type-box ehp-cta has-preset-showcase\">\n\t\t\t<div class=\"ehp-cta__overlay\"><\/div>\n\t\t\t<div class=\"has-column-structure-25-75  ehp-cta__elements-container has-image-position-start has-image-position-md-start has-image-position-sm-start\">\n\t\t\t\t\t\t\t<div class=\"ehp-image ehp-cta__image-container\">\n\t\t\t\t<img decoding=\"async\" class=\"ehp-image__img ehp-cta__img has-shape-sharp shape-type-image\" src=\"https:\/\/nahui-co-working.de\/wp-content\/uploads\/2025\/11\/03-23_lisa_lanzinger-1754.jpg\" title=\"03-23_lisa_lanzinger-1754\" alt=\"03-23_lisa_lanzinger-1754\" loading=\"lazy\" \/>\t\t\t<\/div>\n\t\t\t\t\t<div class=\"ehp-cta__text-container\">\n\t\t\t<h2 class=\"ehp-cta__heading\">Einladung zum Info-Brezenfr\u00fchst\u00fcck<\/h2><p class=\"ehp-cta__description\"><strong>Kaffee, Brezen &amp; neue Arbeitsr\u00e4ume am 12.3.2026 um 8:30 Uhr<\/strong><br \/>\nBei Kaffee und Brezen geben wir Einblicke in unser Konzept, zeigen einen virtuellen Rundgang durch die neuen R\u00e4ume in Heft und nehmen uns Zeit f\u00fcr Fragen und Austausch.\n<strong>Wo?<\/strong>\nZweiraumb\u00fcro Co-Working\nAm Oberfeld 3 in Rosenheim\n<br \/><br \/><i>Wenn du Lust hast, k\u00fcnftig Teil unserer B\u00fcrogemeinschaft zu werden oder das Konzept dich einfach interessiert, freuen wir uns, dich kennenzulernen.<\/i><\/p>\t\t\t<div class=\"ehp-cta__ctas-container\">\n\t\t\t\t<div class=\"ehp-cta__buttons-wrapper\">\n\t\t\t\t\t\t\t<a class=\"has-shape-rounded shape-type-button ehp-button ehp-button--primary ehp-cta__button ehp-cta__button--primary is-type-button has-border\" href=\"https:\/\/docs.google.com\/forms\/d\/e\/1FAIpQLScmi9mQBaXJdLWv5ZzsdnxywZ5f5Oyqmk1TWX-HvyilZ5mSOQ\/viewform?usp=publish-editor\">\n\t\t\t\t\t<span class=\"ehp-button__text ehp-cta__button-text ehp-cta__button-text--primary\">\n\t\t\tAnmelden\t\t\t\t<\/a>\n\t\t\t\t\t\t\t\t\t<a class=\"ehp-button ehp-button--secondary ehp-cta__button ehp-cta__button--secondary is-type-link\" href=\"https:\/\/nahui-co-working.de\/wp-content\/uploads\/2026\/02\/Einladung-Nahui-brezenfruehstueck-03-26.pdf\" target=\"_blank\">\n\t\t\t<svg aria-hidden=\"true\" class=\"ehp-button__icon e-font-icon-svg e-fas-file-download\" 0=\"ehp-cta__button-icon\" viewBox=\"0 0 384 512\" xmlns=\"http:\/\/www.w3.org\/2000\/svg\"><path d=\"M224 136V0H24C10.7 0 0 10.7 0 24v464c0 13.3 10.7 24 24 24h336c13.3 0 24-10.7 24-24V160H248c-13.2 0-24-10.8-24-24zm76.45 211.36l-96.42 95.7c-6.65 6.61-17.39 6.61-24.04 0l-96.42-95.7C73.42 337.29 80.54 320 94.82 320H160v-80c0-8.84 7.16-16 16-16h32c8.84 0 16 7.16 16 16v80h65.18c14.28 0 21.4 17.29 11.27 27.36zM377 105L279.1 7c-4.5-4.5-10.6-7-17-7H256v128h128v-6.1c0-6.3-2.5-12.4-7-16.9z\"><\/path><\/svg>\t\t<span class=\"ehp-button__text ehp-cta__button-text ehp-cta__button-text--secondary\">\n\t\t\tdownload pdf Einladung\t\t\t\t<\/a>\n\t\t\t\t\t\t<\/div>\n\t\t\t<\/div>\n\t\t\t\t<\/div>\n\t\t\t\t\t<\/div>\n\t\t<\/div>\n\t\t\t\t\t\t<\/div>\n\t\t\t\t<\/div>\n\t\t\t\t\t<\/div>\n\t\t\t\t<\/div>\n\t\t\t\t<\/div>\n\t\t","protected":false},"excerpt":{"rendered":"<p>News &amp; Veranstaltungen Stay updated. Einladung zum Info-Brezenfr\u00fchst\u00fcck Kaffee, Brezen &amp; neue Arbeitsr\u00e4ume am 12.3.2026 um 8:30 Uhr Bei Kaffee und Brezen geben wir Einblicke in unser Konzept, zeigen einen virtuellen Rundgang durch die neuen R\u00e4ume in Heft und nehmen uns Zeit f\u00fcr Fragen und Austausch. Wo? Zweiraumb\u00fcro Co-Working Am Oberfeld 3 in Rosenheim Wenn [&hellip;]<\/p>\n","protected":false},"author":2,"featured_media":0,"parent":0,"menu_order":0,"comment_status":"closed","ping_status":"closed","template":"","meta":{"footnotes":""},"class_list":["post-613","page","type-page","status-publish","hentry"],"_links":{"self":[{"href":"https:\/\/nahui-co-working.de\/index.php\/wp-json\/wp\/v2\/pages\/613","targetHints":{"allow":["GET"]}}],"collection":[{"href":"https:\/\/nahui-co-working.de\/index.php\/wp-json\/wp\/v2\/pages"}],"about":[{"href":"https:\/\/nahui-co-working.de\/index.php\/wp-json\/wp\/v2\/types\/page"}],"author":[{"embeddable":true,"href":"https:\/\/nahui-co-working.de\/index.php\/wp-json\/wp\/v2\/users\/2"}],"replies":[{"embeddable":true,"href":"https:\/\/nahui-co-working.de\/index.php\/wp-json\/wp\/v2\/comments?post=613"}],"version-history":[{"count":52,"href":"https:\/\/nahui-co-working.de\/index.php\/wp-json\/wp\/v2\/pages\/613\/revisions"}],"predecessor-version":[{"id":672,"href":"https:\/\/nahui-co-working.de\/index.php\/wp-json\/wp\/v2\/pages\/613\/revisions\/672"}],"wp:attachment":[{"href":"https:\/\/nahui-co-working.de\/index.php\/wp-json\/wp\/v2\/media?parent=613"}],"curies":[{"name":"wp","href":"https:\/\/api.w.org\/{rel}","templated":true}]}}