{"id":59,"date":"2025-11-24T07:43:00","date_gmt":"2025-11-24T07:43:00","guid":{"rendered":"https:\/\/nahui-co-working.de\/index.php\/works\/"},"modified":"2026-02-09T16:10:12","modified_gmt":"2026-02-09T16:10:12","slug":"home","status":"publish","type":"page","link":"https:\/\/nahui-co-working.de\/","title":{"rendered":"Home"},"content":{"rendered":"\t\t<div data-elementor-type=\"wp-page\" data-elementor-id=\"59\" class=\"elementor elementor-59\" data-elementor-post-type=\"page\">\n\t\t\t\t<div class=\"elementor-element elementor-element-5963ab37 e-con-full e-flex e-con e-parent\" data-id=\"5963ab37\" data-element_type=\"container\" data-settings=\"{&quot;background_background&quot;:&quot;classic&quot;}\">\n\t\t<div class=\"elementor-element elementor-element-3f7ccafa e-con-full e-flex e-con e-child\" data-id=\"3f7ccafa\" data-element_type=\"container\">\n\t\t\t\t<div class=\"elementor-element elementor-element-190c4e7b elementor-invisible elementor-widget elementor-widget-heading\" data-id=\"190c4e7b\" data-element_type=\"widget\" data-settings=\"{&quot;_animation&quot;:&quot;fadeInUp&quot;}\" data-widget_type=\"heading.default\">\n\t\t\t\t\t<h1 class=\"elementor-heading-title elementor-size-default\">Co-working<\/h1>\t\t\t\t<\/div>\n\t\t\t\t<div class=\"elementor-element elementor-element-793feb72 elementor-invisible elementor-widget elementor-widget-text-editor\" data-id=\"793feb72\" data-element_type=\"widget\" data-settings=\"{&quot;_animation&quot;:&quot;fadeInUp&quot;}\" data-widget_type=\"text-editor.default\">\n\t\t\t\t\t\t\t\t\t<p>In Neubeuerns neuem Gewerbegebiet, den \u201eHandwerkerh\u00f6fen\u201c, entsteht ein wegweisendes Neubauprojekt, das modernen Arbeits- und Begegnungsraum in die Region bringt.<\/p>\t\t\t\t\t\t\t\t<\/div>\n\t\t\t\t<div class=\"elementor-element elementor-element-27846a02 elementor-view-framed elementor-shape-circle elementor-invisible elementor-widget elementor-widget-icon\" data-id=\"27846a02\" data-element_type=\"widget\" data-settings=\"{&quot;_animation&quot;:&quot;fadeInUp&quot;}\" data-widget_type=\"icon.default\">\n\t\t\t\t\t\t\t<div class=\"elementor-icon-wrapper\">\n\t\t\t<a class=\"elementor-icon elementor-animation-shrink\" href=\"#next\">\n\t\t\t<svg aria-hidden=\"true\" class=\"e-font-icon-svg e-fas-long-arrow-alt-down\" viewBox=\"0 0 256 512\" xmlns=\"http:\/\/www.w3.org\/2000\/svg\"><path d=\"M168 345.941V44c0-6.627-5.373-12-12-12h-56c-6.627 0-12 5.373-12 12v301.941H41.941c-21.382 0-32.09 25.851-16.971 40.971l86.059 86.059c9.373 9.373 24.569 9.373 33.941 0l86.059-86.059c15.119-15.119 4.411-40.971-16.971-40.971H168z\"><\/path><\/svg>\t\t\t<\/a>\n\t\t<\/div>\n\t\t\t\t\t\t<\/div>\n\t\t\t\t<\/div>\n\t\t\t\t<\/div>\n\t\t<div class=\"elementor-element elementor-element-6cc5d8d e-con-full e-flex elementor-invisible e-con e-parent\" data-id=\"6cc5d8d\" data-element_type=\"container\" id=\"next\" data-settings=\"{&quot;background_background&quot;:&quot;classic&quot;,&quot;animation&quot;:&quot;fadeIn&quot;,&quot;animation_delay&quot;:100}\">\n\t\t<div class=\"elementor-element elementor-element-242fbf15 e-con-full e-flex e-con e-child\" data-id=\"242fbf15\" data-element_type=\"container\">\n\t\t\t\t<div class=\"elementor-element elementor-element-30d5f739 elementor-widget-divider--view-line elementor-invisible elementor-widget elementor-widget-divider\" data-id=\"30d5f739\" data-element_type=\"widget\" data-settings=\"{&quot;_animation&quot;:&quot;fadeInLeft&quot;}\" data-widget_type=\"divider.default\">\n\t\t\t\t\t\t\t<div class=\"elementor-divider\">\n\t\t\t<span class=\"elementor-divider-separator\">\n\t\t\t\t\t\t<\/span>\n\t\t<\/div>\n\t\t\t\t\t\t<\/div>\n\t\t\t\t<div class=\"elementor-element elementor-element-33e671f0 elementor-widget elementor-widget-heading\" data-id=\"33e671f0\" data-element_type=\"widget\" data-widget_type=\"heading.default\">\n\t\t\t\t\t<h2 class=\"elementor-heading-title elementor-size-default\">\u201eNahui in Gotts Nam\u201c<\/h2>\t\t\t\t<\/div>\n\t\t\t\t<div class=\"elementor-element elementor-element-85b645a elementor-invisible elementor-widget elementor-widget-text-editor\" data-id=\"85b645a\" data-element_type=\"widget\" data-settings=\"{&quot;_animation&quot;:&quot;fadeInUp&quot;}\" data-widget_type=\"text-editor.default\">\n\t\t\t\t\t\t\t\t\t<p><em><strong>&#8230; <\/strong>kn\u00fcpft an die fr\u00fchere Innschifffahrt an, die auch in Neubeuern eine lange Tradition hat. Dieser Gru\u00df unter den Innschiffern, die mit Ihren robusten Holzschiffen, den sogenannten Pl\u00e4tten, unterwegs waren, spiegelt Teamgeist, Authentizit\u00e4t, Bewegung und einen starken Bezug zur Region wider. Werte, mit denen auch wir uns in unserem Vorhaben identifizieren.<\/em><\/p>\t\t\t\t\t\t\t\t<\/div>\n\t\t\t\t<div class=\"elementor-element elementor-element-72e18071 elementor-widget__width-inherit elementor-invisible elementor-widget elementor-widget-image\" data-id=\"72e18071\" data-element_type=\"widget\" data-settings=\"{&quot;_animation&quot;:&quot;fadeIn&quot;,&quot;_animation_delay&quot;:200}\" data-widget_type=\"image.default\">\n\t\t\t\t\t\t\t\t\t\t\t\t\t\t\t<img fetchpriority=\"high\" decoding=\"async\" width=\"800\" height=\"495\" src=\"https:\/\/nahui-co-working.de\/wp-content\/uploads\/2025\/11\/5-nahui-buero-klein-1024x633.png\" class=\"attachment-large size-large wp-image-255\" alt=\"\" srcset=\"https:\/\/nahui-co-working.de\/wp-content\/uploads\/2025\/11\/5-nahui-buero-klein-1024x633.png 1024w, https:\/\/nahui-co-working.de\/wp-content\/uploads\/2025\/11\/5-nahui-buero-klein-300x185.png 300w, https:\/\/nahui-co-working.de\/wp-content\/uploads\/2025\/11\/5-nahui-buero-klein-768x475.png 768w, https:\/\/nahui-co-working.de\/wp-content\/uploads\/2025\/11\/5-nahui-buero-klein.png 1500w\" sizes=\"(max-width: 800px) 100vw, 800px\" \/>\t\t\t\t\t\t\t\t\t\t\t\t\t\t\t<\/div>\n\t\t\t\t<div class=\"elementor-element elementor-element-b6d6e86 elementor-view-framed elementor-hidden-tablet elementor-hidden-mobile elementor-shape-circle elementor-invisible elementor-widget elementor-widget-icon\" data-id=\"b6d6e86\" data-element_type=\"widget\" data-settings=\"{&quot;_animation&quot;:&quot;fadeIn&quot;,&quot;_animation_delay&quot;:100}\" data-widget_type=\"icon.default\">\n\t\t\t\t\t\t\t<div class=\"elementor-icon-wrapper\">\n\t\t\t<a class=\"elementor-icon elementor-animation-shrink\" href=\"#next\">\n\t\t\t<svg aria-hidden=\"true\" class=\"e-font-icon-svg e-fas-long-arrow-alt-right\" viewBox=\"0 0 448 512\" xmlns=\"http:\/\/www.w3.org\/2000\/svg\"><path d=\"M313.941 216H12c-6.627 0-12 5.373-12 12v56c0 6.627 5.373 12 12 12h301.941v46.059c0 21.382 25.851 32.09 40.971 16.971l86.059-86.059c9.373-9.373 9.373-24.569 0-33.941l-86.059-86.059c-15.119-15.119-40.971-4.411-40.971 16.971V216z\"><\/path><\/svg>\t\t\t<\/a>\n\t\t<\/div>\n\t\t\t\t\t\t<\/div>\n\t\t\t\t<\/div>\n\t\t<div class=\"elementor-element elementor-element-62795972 e-con-full e-flex e-con e-child\" data-id=\"62795972\" data-element_type=\"container\">\n\t\t\t\t<div class=\"elementor-element elementor-element-61d5128a elementor-widget__width-initial elementor-hidden-tablet elementor-hidden-mobile elementor-invisible elementor-widget elementor-widget-image\" data-id=\"61d5128a\" data-element_type=\"widget\" data-settings=\"{&quot;_animation&quot;:&quot;fadeIn&quot;,&quot;_animation_tablet&quot;:&quot;fadeInLeft&quot;,&quot;_animation_delay&quot;:300}\" data-widget_type=\"image.default\">\n\t\t\t\t\t\t\t\t\t\t\t\t\t\t\t<img decoding=\"async\" width=\"683\" height=\"1024\" src=\"https:\/\/nahui-co-working.de\/wp-content\/uploads\/2025\/11\/03-23_lisa_lanzinger-1754-683x1024.jpg\" class=\"attachment-large size-large wp-image-143\" alt=\"\" srcset=\"https:\/\/nahui-co-working.de\/wp-content\/uploads\/2025\/11\/03-23_lisa_lanzinger-1754-683x1024.jpg 683w, https:\/\/nahui-co-working.de\/wp-content\/uploads\/2025\/11\/03-23_lisa_lanzinger-1754-200x300.jpg 200w, https:\/\/nahui-co-working.de\/wp-content\/uploads\/2025\/11\/03-23_lisa_lanzinger-1754-768x1152.jpg 768w, https:\/\/nahui-co-working.de\/wp-content\/uploads\/2025\/11\/03-23_lisa_lanzinger-1754-1024x1536.jpg 1024w, https:\/\/nahui-co-working.de\/wp-content\/uploads\/2025\/11\/03-23_lisa_lanzinger-1754-1366x2048.jpg 1366w, https:\/\/nahui-co-working.de\/wp-content\/uploads\/2025\/11\/03-23_lisa_lanzinger-1754.jpg 1667w\" sizes=\"(max-width: 683px) 100vw, 683px\" \/>\t\t\t\t\t\t\t\t\t\t\t\t\t\t\t<\/div>\n\t\t\t\t<div class=\"elementor-element elementor-element-70c3dcbc elementor-invisible elementor-widget elementor-widget-text-editor\" data-id=\"70c3dcbc\" data-element_type=\"widget\" data-settings=\"{&quot;_animation&quot;:&quot;fadeInUp&quot;}\" data-widget_type=\"text-editor.default\">\n\t\t\t\t\t\t\t\t\t<p>Unser Co-Working Space in Neubeuern erm\u00f6glicht einen flie\u00dfenden \u00dcbergang zwischen Arbeit, Austausch und Miteinander. Ein Raum, der von Gemeinschaft lebt.<br \/>\u201enahui\u201c verbindet also Standort, regionale Geschichte und unser B\u00fcrokonzept. Ein Name, der zeigt, wo wir herkommen und wof\u00fcr wir stehen.<\/p><p>Er\u00f6ffnet wird das nahui Co-Working im Februar 2027 mit rund 35 Arbeitspl\u00e4tzen.<br \/>Wir richten uns an Freelancer:innen, Selbstst\u00e4ndige und kleine Teams, sowie auch Arbeitnehmer:innen, denen ein externer Arbeitsplatz erm\u00f6glicht wird.\u00a0<\/p><p><strong><em>Wenn auch du Teil unserer Gemeinschaft werden m\u00f6chtest, sprich uns gerne an!<\/em><\/strong><\/p>\t\t\t\t\t\t\t\t<\/div>\n\t\t\t\t<\/div>\n\t\t\t\t<\/div>\n\t\t<div class=\"elementor-element elementor-element-ce8c92d e-con-full e-flex e-con e-parent\" data-id=\"ce8c92d\" data-element_type=\"container\">\n\t\t\t\t<div class=\"elementor-element elementor-element-c3027ae elementor-countdown--label-block elementor-widget elementor-widget-countdown\" data-id=\"c3027ae\" data-element_type=\"widget\" data-widget_type=\"countdown.default\">\n\t\t\t\t\t\t\t<div data-expire-actions=\"[{&quot;type&quot;:&quot;hide&quot;}]\" class=\"elementor-countdown-wrapper\" data-date=\"1801468800\">\n\t\t\t<div class=\"elementor-countdown-item\"><span class=\"elementor-countdown-digits elementor-countdown-days\"><\/span> <span class=\"elementor-countdown-label\">Tage<\/span><\/div><div class=\"elementor-countdown-item\"><span class=\"elementor-countdown-digits elementor-countdown-hours\"><\/span> <span class=\"elementor-countdown-label\">Std<\/span><\/div><div class=\"elementor-countdown-item\"><span class=\"elementor-countdown-digits elementor-countdown-minutes\"><\/span> <span class=\"elementor-countdown-label\">Min<\/span><\/div>\t\t<\/div>\n\t\t\t\t\t\t<\/div>\n\t\t\t\t<\/div>\n\t\t<div class=\"elementor-element elementor-element-0d6387b e-con-full e-flex elementor-invisible e-con e-parent\" data-id=\"0d6387b\" data-element_type=\"container\" data-settings=\"{&quot;animation&quot;:&quot;fadeIn&quot;}\">\n\t\t\t\t<div class=\"elementor-element elementor-element-5252cd61 elementor-widget elementor-widget-google_maps\" data-id=\"5252cd61\" data-element_type=\"widget\" data-widget_type=\"google_maps.default\">\n\t\t\t\t\t\t\t<div class=\"elementor-custom-embed\">\n\t\t\t<iframe loading=\"lazy\"\n\t\t\t\t\tsrc=\"https:\/\/maps.google.com\/maps?q=heft%20neubeuern&#038;t=m&#038;z=17&#038;output=embed&#038;iwloc=near\"\n\t\t\t\t\ttitle=\"heft neubeuern\"\n\t\t\t\t\taria-label=\"heft neubeuern\"\n\t\t\t><\/iframe>\n\t\t<\/div>\n\t\t\t\t\t\t<\/div>\n\t\t\t\t<\/div>\n\t\t<div class=\"elementor-element elementor-element-4f8c7c0c e-flex e-con-boxed e-con e-parent\" data-id=\"4f8c7c0c\" data-element_type=\"container\" data-settings=\"{&quot;background_background&quot;:&quot;classic&quot;}\">\n\t\t\t\t\t<div class=\"e-con-inner\">\n\t\t\t\t<div class=\"elementor-element elementor-element-987c28c elementor-widget elementor-widget-gallery\" data-id=\"987c28c\" data-element_type=\"widget\" data-settings=\"{&quot;gallery_layout&quot;:&quot;justified&quot;,&quot;ideal_row_height&quot;:{&quot;unit&quot;:&quot;px&quot;,&quot;size&quot;:227,&quot;sizes&quot;:[]},&quot;gap&quot;:{&quot;unit&quot;:&quot;px&quot;,&quot;size&quot;:33,&quot;sizes&quot;:[]},&quot;lazyload&quot;:&quot;yes&quot;,&quot;ideal_row_height_tablet&quot;:{&quot;unit&quot;:&quot;px&quot;,&quot;size&quot;:150,&quot;sizes&quot;:[]},&quot;ideal_row_height_mobile&quot;:{&quot;unit&quot;:&quot;px&quot;,&quot;size&quot;:150,&quot;sizes&quot;:[]},&quot;gap_tablet&quot;:{&quot;unit&quot;:&quot;px&quot;,&quot;size&quot;:10,&quot;sizes&quot;:[]},&quot;gap_mobile&quot;:{&quot;unit&quot;:&quot;px&quot;,&quot;size&quot;:10,&quot;sizes&quot;:[]},&quot;link_to&quot;:&quot;file&quot;,&quot;content_hover_animation&quot;:&quot;fade-in&quot;}\" data-widget_type=\"gallery.default\">\n\t\t\t\t\t\t\t<div class=\"elementor-gallery__container\">\n\t\t\t\t\t\t\t<a class=\"e-gallery-item elementor-gallery-item elementor-animated-content\" href=\"https:\/\/nahui-co-working.de\/wp-content\/uploads\/2025\/11\/1-nahui-buero-klein.jpg\" data-elementor-open-lightbox=\"yes\" data-elementor-lightbox-slideshow=\"987c28c\" data-e-action-hash=\"#elementor-action%3Aaction%3Dlightbox%26settings%3DeyJpZCI6MTM5LCJ1cmwiOiJodHRwczpcL1wvbmFodWktY28td29ya2luZy5kZVwvd3AtY29udGVudFwvdXBsb2Fkc1wvMjAyNVwvMTFcLzEtbmFodWktYnVlcm8ta2xlaW4uanBnIiwic2xpZGVzaG93IjoiOTg3YzI4YyJ9\">\n\t\t\t\t\t<div class=\"e-gallery-image elementor-gallery-item__image\" data-thumbnail=\"https:\/\/nahui-co-working.de\/wp-content\/uploads\/2025\/11\/1-nahui-buero-klein-768x434.jpg\" data-width=\"768\" data-height=\"434\" aria-label=\"\" role=\"img\" ><\/div>\n\t\t\t\t\t\t\t\t\t\t\t\t\t\t<\/a>\n\t\t\t\t\t\t\t<a class=\"e-gallery-item elementor-gallery-item elementor-animated-content\" href=\"https:\/\/nahui-co-working.de\/wp-content\/uploads\/2025\/12\/03-23_lisa_lanzinger-1747.jpg\" data-elementor-open-lightbox=\"yes\" data-elementor-lightbox-slideshow=\"987c28c\" data-e-action-hash=\"#elementor-action%3Aaction%3Dlightbox%26settings%3DeyJpZCI6NTUyLCJ1cmwiOiJodHRwczpcL1wvbmFodWktY28td29ya2luZy5kZVwvd3AtY29udGVudFwvdXBsb2Fkc1wvMjAyNVwvMTJcLzAzLTIzX2xpc2FfbGFuemluZ2VyLTE3NDcuanBnIiwic2xpZGVzaG93IjoiOTg3YzI4YyJ9\">\n\t\t\t\t\t<div class=\"e-gallery-image elementor-gallery-item__image\" data-thumbnail=\"https:\/\/nahui-co-working.de\/wp-content\/uploads\/2025\/12\/03-23_lisa_lanzinger-1747-768x1152.jpg\" data-width=\"768\" data-height=\"1152\" aria-label=\"\" role=\"img\" ><\/div>\n\t\t\t\t\t\t\t\t\t\t\t\t\t\t<\/a>\n\t\t\t\t\t\t\t<a class=\"e-gallery-item elementor-gallery-item elementor-animated-content\" href=\"https:\/\/nahui-co-working.de\/wp-content\/uploads\/2025\/11\/7-nahui-buero-klein.jpg\" data-elementor-open-lightbox=\"yes\" data-elementor-lightbox-slideshow=\"987c28c\" data-e-action-hash=\"#elementor-action%3Aaction%3Dlightbox%26settings%3DeyJpZCI6MjYzLCJ1cmwiOiJodHRwczpcL1wvbmFodWktY28td29ya2luZy5kZVwvd3AtY29udGVudFwvdXBsb2Fkc1wvMjAyNVwvMTFcLzctbmFodWktYnVlcm8ta2xlaW4uanBnIiwic2xpZGVzaG93IjoiOTg3YzI4YyJ9\">\n\t\t\t\t\t<div class=\"e-gallery-image elementor-gallery-item__image\" data-thumbnail=\"https:\/\/nahui-co-working.de\/wp-content\/uploads\/2025\/11\/7-nahui-buero-klein-768x548.jpg\" data-width=\"768\" data-height=\"548\" aria-label=\"\" role=\"img\" ><\/div>\n\t\t\t\t\t\t\t\t\t\t\t\t\t\t<\/a>\n\t\t\t\t\t\t\t<a class=\"e-gallery-item elementor-gallery-item elementor-animated-content\" href=\"https:\/\/nahui-co-working.de\/wp-content\/uploads\/2025\/11\/6-nahui-buero-klein.jpg\" data-elementor-open-lightbox=\"yes\" data-elementor-lightbox-slideshow=\"987c28c\" data-e-action-hash=\"#elementor-action%3Aaction%3Dlightbox%26settings%3DeyJpZCI6MjYyLCJ1cmwiOiJodHRwczpcL1wvbmFodWktY28td29ya2luZy5kZVwvd3AtY29udGVudFwvdXBsb2Fkc1wvMjAyNVwvMTFcLzYtbmFodWktYnVlcm8ta2xlaW4uanBnIiwic2xpZGVzaG93IjoiOTg3YzI4YyJ9\">\n\t\t\t\t\t<div class=\"e-gallery-image elementor-gallery-item__image\" data-thumbnail=\"https:\/\/nahui-co-working.de\/wp-content\/uploads\/2025\/11\/6-nahui-buero-klein-768x483.jpg\" data-width=\"768\" data-height=\"483\" aria-label=\"\" role=\"img\" ><\/div>\n\t\t\t\t\t\t\t\t\t\t\t\t\t\t<\/a>\n\t\t\t\t\t\t\t<a class=\"e-gallery-item elementor-gallery-item elementor-animated-content\" href=\"https:\/\/nahui-co-working.de\/wp-content\/uploads\/2025\/11\/03-23_lisa_lanzinger-1929.jpg\" data-elementor-open-lightbox=\"yes\" data-elementor-lightbox-slideshow=\"987c28c\" data-e-action-hash=\"#elementor-action%3Aaction%3Dlightbox%26settings%3DeyJpZCI6MTgwLCJ1cmwiOiJodHRwczpcL1wvbmFodWktY28td29ya2luZy5kZVwvd3AtY29udGVudFwvdXBsb2Fkc1wvMjAyNVwvMTFcLzAzLTIzX2xpc2FfbGFuemluZ2VyLTE5MjkuanBnIiwic2xpZGVzaG93IjoiOTg3YzI4YyJ9\">\n\t\t\t\t\t<div class=\"e-gallery-image elementor-gallery-item__image\" data-thumbnail=\"https:\/\/nahui-co-working.de\/wp-content\/uploads\/2025\/11\/03-23_lisa_lanzinger-1929-768x1152.jpg\" data-width=\"768\" data-height=\"1152\" aria-label=\"\" role=\"img\" ><\/div>\n\t\t\t\t\t\t\t\t\t\t\t\t\t\t<\/a>\n\t\t\t\t\t\t\t<a class=\"e-gallery-item elementor-gallery-item elementor-animated-content\" href=\"https:\/\/nahui-co-working.de\/wp-content\/uploads\/2025\/11\/2-nahui-buero-klein-scaled.jpg\" data-elementor-open-lightbox=\"yes\" data-elementor-lightbox-slideshow=\"987c28c\" data-e-action-hash=\"#elementor-action%3Aaction%3Dlightbox%26settings%3DeyJpZCI6MTc2LCJ1cmwiOiJodHRwczpcL1wvbmFodWktY28td29ya2luZy5kZVwvd3AtY29udGVudFwvdXBsb2Fkc1wvMjAyNVwvMTFcLzItbmFodWktYnVlcm8ta2xlaW4tc2NhbGVkLmpwZyIsInNsaWRlc2hvdyI6Ijk4N2MyOGMifQ%3D%3D\">\n\t\t\t\t\t<div class=\"e-gallery-image elementor-gallery-item__image\" data-thumbnail=\"https:\/\/nahui-co-working.de\/wp-content\/uploads\/2025\/11\/2-nahui-buero-klein-768x443.jpg\" data-width=\"768\" data-height=\"443\" aria-label=\"\" role=\"img\" ><\/div>\n\t\t\t\t\t\t\t\t\t\t\t\t\t\t<\/a>\n\t\t\t\t\t\t\t<a class=\"e-gallery-item elementor-gallery-item elementor-animated-content\" href=\"https:\/\/nahui-co-working.de\/wp-content\/uploads\/2025\/11\/3-nahui-buero-klein-scaled.jpg\" data-elementor-open-lightbox=\"yes\" data-elementor-lightbox-slideshow=\"987c28c\" data-e-action-hash=\"#elementor-action%3Aaction%3Dlightbox%26settings%3DeyJpZCI6MTc3LCJ1cmwiOiJodHRwczpcL1wvbmFodWktY28td29ya2luZy5kZVwvd3AtY29udGVudFwvdXBsb2Fkc1wvMjAyNVwvMTFcLzMtbmFodWktYnVlcm8ta2xlaW4tc2NhbGVkLmpwZyIsInNsaWRlc2hvdyI6Ijk4N2MyOGMifQ%3D%3D\">\n\t\t\t\t\t<div class=\"e-gallery-image elementor-gallery-item__image\" data-thumbnail=\"https:\/\/nahui-co-working.de\/wp-content\/uploads\/2025\/11\/3-nahui-buero-klein-768x443.jpg\" data-width=\"768\" data-height=\"443\" aria-label=\"\" role=\"img\" ><\/div>\n\t\t\t\t\t\t\t\t\t\t\t\t\t\t<\/a>\n\t\t\t\t\t\t\t<a class=\"e-gallery-item elementor-gallery-item elementor-animated-content\" href=\"https:\/\/nahui-co-working.de\/wp-content\/uploads\/2025\/11\/P03_final-1-scaled.jpg\" data-elementor-open-lightbox=\"yes\" data-elementor-lightbox-slideshow=\"987c28c\" data-e-action-hash=\"#elementor-action%3Aaction%3Dlightbox%26settings%3DeyJpZCI6NTAxLCJ1cmwiOiJodHRwczpcL1wvbmFodWktY28td29ya2luZy5kZVwvd3AtY29udGVudFwvdXBsb2Fkc1wvMjAyNVwvMTFcL1AwM19maW5hbC0xLXNjYWxlZC5qcGciLCJzbGlkZXNob3ciOiI5ODdjMjhjIn0%3D\">\n\t\t\t\t\t<div class=\"e-gallery-image elementor-gallery-item__image\" data-thumbnail=\"https:\/\/nahui-co-working.de\/wp-content\/uploads\/2025\/11\/P03_final-1-768x349.jpg\" data-width=\"768\" data-height=\"349\" aria-label=\"\" role=\"img\" ><\/div>\n\t\t\t\t\t\t\t\t\t\t\t\t\t\t<\/a>\n\t\t\t\t\t\t\t<a class=\"e-gallery-item elementor-gallery-item elementor-animated-content\" href=\"https:\/\/nahui-co-working.de\/wp-content\/uploads\/2025\/12\/03-23_lisa_lanzinger-1890.jpg\" data-elementor-open-lightbox=\"yes\" data-elementor-lightbox-slideshow=\"987c28c\" data-e-action-hash=\"#elementor-action%3Aaction%3Dlightbox%26settings%3DeyJpZCI6NTUxLCJ1cmwiOiJodHRwczpcL1wvbmFodWktY28td29ya2luZy5kZVwvd3AtY29udGVudFwvdXBsb2Fkc1wvMjAyNVwvMTJcLzAzLTIzX2xpc2FfbGFuemluZ2VyLTE4OTAuanBnIiwic2xpZGVzaG93IjoiOTg3YzI4YyJ9\">\n\t\t\t\t\t<div class=\"e-gallery-image elementor-gallery-item__image\" data-thumbnail=\"https:\/\/nahui-co-working.de\/wp-content\/uploads\/2025\/12\/03-23_lisa_lanzinger-1890-768x1152.jpg\" data-width=\"768\" data-height=\"1152\" aria-label=\"\" role=\"img\" ><\/div>\n\t\t\t\t\t\t\t\t\t\t\t\t\t\t<\/a>\n\t\t\t\t\t\t\t<a class=\"e-gallery-item elementor-gallery-item elementor-animated-content\" href=\"https:\/\/nahui-co-working.de\/wp-content\/uploads\/2025\/11\/P04_final-scaled.jpg\" data-elementor-open-lightbox=\"yes\" data-elementor-lightbox-slideshow=\"987c28c\" data-e-action-hash=\"#elementor-action%3Aaction%3Dlightbox%26settings%3DeyJpZCI6NTAyLCJ1cmwiOiJodHRwczpcL1wvbmFodWktY28td29ya2luZy5kZVwvd3AtY29udGVudFwvdXBsb2Fkc1wvMjAyNVwvMTFcL1AwNF9maW5hbC1zY2FsZWQuanBnIiwic2xpZGVzaG93IjoiOTg3YzI4YyJ9\">\n\t\t\t\t\t<div class=\"e-gallery-image elementor-gallery-item__image\" data-thumbnail=\"https:\/\/nahui-co-working.de\/wp-content\/uploads\/2025\/11\/P04_final-768x349.jpg\" data-width=\"768\" data-height=\"349\" aria-label=\"\" role=\"img\" ><\/div>\n\t\t\t\t\t\t\t\t\t\t\t\t\t\t<\/a>\n\t\t\t\t\t<\/div>\n\t\t\t\t\t<\/div>\n\t\t\t\t\t<\/div>\n\t\t\t\t<\/div>\n\t\t<div class=\"elementor-element elementor-element-232ffa3 e-con-full e-flex e-con e-parent\" data-id=\"232ffa3\" data-element_type=\"container\">\n\t\t\t\t<div class=\"elementor-element elementor-element-98387d6 elementor--h-position-center elementor--v-position-middle elementor-arrows-position-inside elementor-pagination-position-inside elementor-widget elementor-widget-slides\" data-id=\"98387d6\" data-element_type=\"widget\" data-settings=\"{&quot;navigation&quot;:&quot;both&quot;,&quot;autoplay&quot;:&quot;yes&quot;,&quot;pause_on_hover&quot;:&quot;yes&quot;,&quot;pause_on_interaction&quot;:&quot;yes&quot;,&quot;autoplay_speed&quot;:5000,&quot;infinite&quot;:&quot;yes&quot;,&quot;transition&quot;:&quot;slide&quot;,&quot;transition_speed&quot;:500}\" data-widget_type=\"slides.default\">\n\t\t\t\t\t\t\t\t\t\t<div class=\"elementor-slides-wrapper elementor-main-swiper swiper\" role=\"region\" aria-roledescription=\"carousel\" aria-label=\"Slider\" dir=\"ltr\" data-animation=\"fadeInUp\">\n\t\t\t\t<div class=\"swiper-wrapper elementor-slides\">\n\t\t\t\t\t\t\t\t\t\t<div class=\"elementor-repeater-item-d276f07 swiper-slide\" role=\"group\" aria-roledescription=\"slide\"><div class=\"swiper-slide-bg\" role=\"img\" aria-label=\"1-nahui-cafe-klein\"><\/div><div class=\"elementor-background-overlay\"><\/div><div class=\"swiper-slide-inner\" ><div class=\"swiper-slide-contents\"><div class=\"elementor-slide-heading\">Nahui Caf\u00e9<\/div><div class=\"elementor-slide-description\">Angegliedert an das nahui Co-Working entsteht mit dem nahui Caf\u00e9 ein Ort, der Neubeuern nicht nur kulinarisch bereichern wird. \nEin Fokus liegt auf gesunden, frischen und gleichzeitig bezahlbaren Mittagsgerichten, die schmecken ohne kompliziert zu sein. \nOb kurzer Kaffeestopp, entspanntes Mittagessen oder produktive Auszeit \u2013 das nahui Caf\u00e9 freut sich auf euren Besuch!<\/div><\/div><\/div><\/div>\t\t\t\t<\/div>\n\t\t\t\t\t\t\t<\/div>\n\t\t\t\t\t\t\t\t<\/div>\n\t\t\t\t<\/div>\n\t\t\t\t<\/div>\n\t\t","protected":false},"excerpt":{"rendered":"<p>Co-working In Neubeuerns neuem Gewerbegebiet, den \u201eHandwerkerh\u00f6fen\u201c, entsteht ein wegweisendes Neubauprojekt, das modernen Arbeits- und Begegnungsraum in die Region bringt. \u201eNahui in Gotts Nam\u201c &#8230; kn\u00fcpft an die fr\u00fchere Innschifffahrt an, die auch in Neubeuern eine lange Tradition hat. Dieser Gru\u00df unter den Innschiffern, die mit Ihren robusten Holzschiffen, den sogenannten Pl\u00e4tten, unterwegs waren, spiegelt [&hellip;]<\/p>\n","protected":false},"author":2,"featured_media":0,"parent":0,"menu_order":0,"comment_status":"closed","ping_status":"closed","template":"elementor_header_footer","meta":{"footnotes":""},"class_list":["post-59","page","type-page","status-publish","hentry"],"_links":{"self":[{"href":"https:\/\/nahui-co-working.de\/index.php\/wp-json\/wp\/v2\/pages\/59","targetHints":{"allow":["GET"]}}],"collection":[{"href":"https:\/\/nahui-co-working.de\/index.php\/wp-json\/wp\/v2\/pages"}],"about":[{"href":"https:\/\/nahui-co-working.de\/index.php\/wp-json\/wp\/v2\/types\/page"}],"author":[{"embeddable":true,"href":"https:\/\/nahui-co-working.de\/index.php\/wp-json\/wp\/v2\/users\/2"}],"replies":[{"embeddable":true,"href":"https:\/\/nahui-co-working.de\/index.php\/wp-json\/wp\/v2\/comments?post=59"}],"version-history":[{"count":233,"href":"https:\/\/nahui-co-working.de\/index.php\/wp-json\/wp\/v2\/pages\/59\/revisions"}],"predecessor-version":[{"id":675,"href":"https:\/\/nahui-co-working.de\/index.php\/wp-json\/wp\/v2\/pages\/59\/revisions\/675"}],"wp:attachment":[{"href":"https:\/\/nahui-co-working.de\/index.php\/wp-json\/wp\/v2\/media?parent=59"}],"curies":[{"name":"wp","href":"https:\/\/api.w.org\/{rel}","templated":true}]}}